{"id":863,"date":"2024-05-22T01:30:31","date_gmt":"2024-05-21T23:30:31","guid":{"rendered":"https:\/\/fabianbender.de\/impressum\/"},"modified":"2024-07-04T10:08:24","modified_gmt":"2024-07-04T08:08:24","slug":"imprint","status":"publish","type":"page","link":"https:\/\/fabianbender.de\/en\/imprint\/","title":{"rendered":"Imprint"},"content":{"rendered":"\n<style type=\"text\/css\" data-created_by=\"avia_inline_auto\" id=\"style-css-av-a56cc-8371442a8b77febcde37b7f9aef91d01\">\n.avia-section.av-a56cc-8371442a8b77febcde37b7f9aef91d01{\nbackground-repeat:no-repeat;\nbackground-image:url(https:\/\/fabianbender.de\/wp-content\/uploads\/2024\/05\/Hochzeit-2.jpg);\nbackground-position:50% 50%;\nbackground-attachment:scroll;\n}\n#top .avia-section.av-a56cc-8371442a8b77febcde37b7f9aef91d01 .scroll-down-link{\ncolor:#a81010;\n}\n.avia-section.av-a56cc-8371442a8b77febcde37b7f9aef91d01 .av-extra-border-element .av-extra-border-inner{\nbackground-color:#ffffff;\n}\n<\/style>\n<div id='av_section_1'  class='avia-section av-a56cc-8371442a8b77febcde37b7f9aef91d01 main_color avia-section-no-padding avia-no-shadow  avia-builder-el-0  el_before_av_one_full  avia-builder-el-first  avia-full-stretch avia-bg-style-scroll av-arrow-down-section av-minimum-height av-minimum-height-75 av-height-75  container_wrap fullsize'  data-section-bg-repeat='stretch' data-av_minimum_height_pc='75' data-av_min_height_opt='75'><div class=\"av-section-color-overlay-wrap\"><a href='#next-section' title='' class='scroll-down-link av-custom-scroll-down-color' aria-hidden='true' data-av_icon='\ue877' data-av_iconfont='entypo-fontello'><\/a><div class='container av-section-cont-open' ><main  role=\"main\" itemprop=\"mainContentOfPage\"  class='template-page content  av-content-full alpha units'><div class='post-entry post-entry-type-page post-entry-863'><div class='entry-content-wrapper clearfix'><\/div><\/div><\/main><!-- close content main element --><\/div><div class='av-extra-border-element border-extra-arrow-down'><div class='av-extra-border-outer'><div class='av-extra-border-inner'><\/div><\/div><\/div><\/div><\/div><div id='after_section_1'  class='main_color av_default_container_wrap container_wrap fullsize'  ><div class='container av-section-cont-open' ><div class='template-page content  av-content-full alpha units'><div class='post-entry post-entry-type-page post-entry-863'><div class='entry-content-wrapper clearfix'>\n<div  class='flex_column av-8nm3o-93947a929712703a4ad7febbe8b635cd av_one_full  avia-builder-el-1  el_after_av_section  avia-builder-el-no-sibling  first flex_column_div  '     ><section  class='av_textblock_section av-lwiabb31-e8dc106ff47c3f216e4f33ed2b2a8c58 '   itemscope=\"itemscope\" itemtype=\"https:\/\/schema.org\/CreativeWork\" ><div class='avia_textblock'  itemprop=\"text\" ><p><strong>Information according to \u00a7 5 DDG<br \/>\n<\/strong>Fabian Bender<br \/>\nFliederstr. 6<br \/>\n30167 Hannover<\/p>\n<p><strong>Contact<\/strong><br \/>\nE-Mail: bender&#64;fabia&#110;&#98;&#101;&#110;&#100;&#101;&#114;&#46;&#100;&#101;<\/p>\n<p><strong>Picture credits<\/strong><\/p>\n<ul>\n<li>Hauptfoto: Angela Wulf<\/li>\n<li>Photo with coat: Julia Vogel<\/li>\n<li>Photo in front of wall: Willi Dammeier<\/li>\n<\/ul>\n<p><strong>Web development<\/strong><br \/>\n<a href=\"https:\/\/spreadlab.com\" target=\"_blank\" rel=\"noopener\">spreadlab.com<\/a><\/p>\n<p><strong>Verbraucher\u00adstreit\u00adbeilegung\/Universal\u00adschlichtungs\u00adstelle<\/strong><br \/>\nWir sind nicht bereit oder verpflichtet, an Streitbeilegungsverfahren vor einer Verbraucherschlichtungsstelle teilzunehmen.<\/p>\n<p><strong>Haftung f\u00fcr Inhalte<\/strong><br \/>\nAls Diensteanbieter sind wir gem\u00e4\u00df \u00a7 7 Abs.1 TMG f\u00fcr eigene Inhalte auf diesen Seiten nach den allgemeinen Gesetzen verantwortlich. Nach \u00a7\u00a7 8 bis 10 TMG sind wir als Diensteanbieter jedoch nicht verpflichtet, \u00fcbermittelte oder gespeicherte fremde Informationen zu \u00fcberwachen oder nach Umst\u00e4nden zu forschen, die auf eine rechtswidrige T\u00e4tigkeit hinweisen.<\/p>\n<p>Verpflichtungen zur Entfernung oder Sperrung der Nutzung von Informationen nach den allgemeinen Gesetzen bleiben hiervon unber\u00fchrt. Eine diesbez\u00fcgliche Haftung ist jedoch erst ab dem Zeitpunkt der Kenntnis einer konkreten Rechtsverletzung m\u00f6glich. Bei Bekanntwerden von entsprechenden Rechtsverletzungen werden wir diese Inhalte umgehend entfernen.<\/p>\n<p><strong>Haftung f\u00fcr Links<\/strong><br \/>\nUnser Angebot enth\u00e4lt Links zu externen Websites Dritter, auf deren Inhalte wir keinen Einfluss haben. Deshalb k\u00f6nnen wir f\u00fcr diese fremden Inhalte auch keine Gew\u00e4hr \u00fcbernehmen. F\u00fcr die Inhalte der verlinkten Seiten ist stets der jeweilige Anbieter oder Betreiber der Seiten verantwortlich. Die verlinkten Seiten wurden zum Zeitpunkt der Verlinkung auf m\u00f6gliche Rechtsverst\u00f6\u00dfe \u00fcberpr\u00fcft. Rechtswidrige Inhalte waren zum Zeitpunkt der Verlinkung nicht erkennbar.<\/p>\n<p>Eine permanente inhaltliche Kontrolle der verlinkten Seiten ist jedoch ohne konkrete Anhaltspunkte einer Rechtsverletzung nicht zumutbar. Bei Bekanntwerden von Rechtsverletzungen werden wir derartige Links umgehend entfernen.<\/p>\n<p><strong>Urheberrecht<\/strong><br \/>\nDie durch die Seitenbetreiber erstellten Inhalte und Werke auf diesen Seiten unterliegen dem deutschen Urheberrecht. Die Vervielf\u00e4ltigung, Bearbeitung, Verbreitung und jede Art der Verwertung au\u00dferhalb der Grenzen des Urheberrechtes bed\u00fcrfen der schriftlichen Zustimmung des jeweiligen Autors bzw. Erstellers. Downloads und Kopien dieser Seite sind nur f\u00fcr den privaten, nicht kommerziellen Gebrauch gestattet.<\/p>\n<p>Soweit die Inhalte auf dieser Seite nicht vom Betreiber erstellt wurden, werden die Urheberrechte Dritter beachtet. Insbesondere werden Inhalte Dritter als solche gekennzeichnet. Sollten Sie trotzdem auf eine Urheberrechtsverletzung aufmerksam werden, bitten wir um einen entsprechenden Hinweis. Bei Bekanntwerden von Rechtsverletzungen werden wir derartige Inhalte umgehend entfernen.<\/p>\n<p>Quelle: <a href=\"http:\/\/eRecht24.de\" target=\"_blank\" rel=\"noopener noreferrer\">eRecht24<\/a><\/p>\n<\/div><\/section><\/div>\n","protected":false},"excerpt":{"rendered":"","protected":false},"author":1,"featured_media":848,"parent":0,"menu_order":0,"comment_status":"closed","ping_status":"closed","template":"","meta":{"footnotes":""},"class_list":["post-863","page","type-page","status-publish","has-post-thumbnail","hentry"],"yoast_head":"<!-- This site is optimized with the Yoast SEO plugin v27.3 - https:\/\/yoast.com\/product\/yoast-seo-wordpress\/ -->\n<title>Imprint - fabianbender.de<\/title>\n<meta name=\"description\" content=\"Find the legal information and contact details for Fabian Bender on this imprint page. Learn about our responsibilities and how to get in touch.\" \/>\n<meta name=\"robots\" content=\"index, follow, max-snippet:-1, max-image-preview:large, max-video-preview:-1\" \/>\n<link rel=\"canonical\" href=\"https:\/\/fabianbender.de\/en\/imprint\/\" \/>\n<meta property=\"og:locale\" content=\"en_US\" \/>\n<meta property=\"og:type\" content=\"article\" \/>\n<meta property=\"og:title\" content=\"Imprint - fabianbender.de\" \/>\n<meta property=\"og:description\" content=\"Find the legal information and contact details for Fabian Bender on this imprint page. Learn about our responsibilities and how to get in touch.\" \/>\n<meta property=\"og:url\" content=\"https:\/\/fabianbender.de\/en\/imprint\/\" \/>\n<meta property=\"og:site_name\" content=\"fabianbender.de\" \/>\n<meta property=\"article:modified_time\" content=\"2024-07-04T08:08:24+00:00\" \/>\n<meta property=\"og:image\" content=\"https:\/\/fabianbender.de\/wp-content\/uploads\/2024\/05\/Hochzeit-2.jpg\" \/>\n\t<meta property=\"og:image:width\" content=\"1920\" \/>\n\t<meta property=\"og:image:height\" content=\"1281\" \/>\n\t<meta property=\"og:image:type\" content=\"image\/jpeg\" \/>\n<meta name=\"twitter:card\" content=\"summary_large_image\" \/>\n<meta name=\"twitter:label1\" content=\"Est. reading time\" \/>\n\t<meta name=\"twitter:data1\" content=\"2 minutes\" \/>\n<script type=\"application\/ld+json\" class=\"yoast-schema-graph\">{\"@context\":\"https:\\\/\\\/schema.org\",\"@graph\":[{\"@type\":\"WebPage\",\"@id\":\"https:\\\/\\\/fabianbender.de\\\/en\\\/imprint\\\/\",\"url\":\"https:\\\/\\\/fabianbender.de\\\/en\\\/imprint\\\/\",\"name\":\"Imprint - fabianbender.de\",\"isPartOf\":{\"@id\":\"https:\\\/\\\/fabianbender.de\\\/en\\\/#website\"},\"primaryImageOfPage\":{\"@id\":\"https:\\\/\\\/fabianbender.de\\\/en\\\/imprint\\\/#primaryimage\"},\"image\":{\"@id\":\"https:\\\/\\\/fabianbender.de\\\/en\\\/imprint\\\/#primaryimage\"},\"thumbnailUrl\":\"https:\\\/\\\/fabianbender.de\\\/wp-content\\\/uploads\\\/2024\\\/05\\\/Hochzeit-2.jpg\",\"datePublished\":\"2024-05-21T23:30:31+00:00\",\"dateModified\":\"2024-07-04T08:08:24+00:00\",\"description\":\"Find the legal information and contact details for Fabian Bender on this imprint page. Learn about our responsibilities and how to get in touch.\",\"breadcrumb\":{\"@id\":\"https:\\\/\\\/fabianbender.de\\\/en\\\/imprint\\\/#breadcrumb\"},\"inLanguage\":\"en-US\",\"potentialAction\":[{\"@type\":\"ReadAction\",\"target\":[\"https:\\\/\\\/fabianbender.de\\\/en\\\/imprint\\\/\"]}]},{\"@type\":\"ImageObject\",\"inLanguage\":\"en-US\",\"@id\":\"https:\\\/\\\/fabianbender.de\\\/en\\\/imprint\\\/#primaryimage\",\"url\":\"https:\\\/\\\/fabianbender.de\\\/wp-content\\\/uploads\\\/2024\\\/05\\\/Hochzeit-2.jpg\",\"contentUrl\":\"https:\\\/\\\/fabianbender.de\\\/wp-content\\\/uploads\\\/2024\\\/05\\\/Hochzeit-2.jpg\",\"width\":1920,\"height\":1281},{\"@type\":\"BreadcrumbList\",\"@id\":\"https:\\\/\\\/fabianbender.de\\\/en\\\/imprint\\\/#breadcrumb\",\"itemListElement\":[{\"@type\":\"ListItem\",\"position\":1,\"name\":\"Startseite\",\"item\":\"https:\\\/\\\/fabianbender.de\\\/en\\\/home\\\/\"},{\"@type\":\"ListItem\",\"position\":2,\"name\":\"Imprint\"}]},{\"@type\":\"WebSite\",\"@id\":\"https:\\\/\\\/fabianbender.de\\\/en\\\/#website\",\"url\":\"https:\\\/\\\/fabianbender.de\\\/en\\\/\",\"name\":\"fabianbender.de\",\"description\":\"\",\"potentialAction\":[{\"@type\":\"SearchAction\",\"target\":{\"@type\":\"EntryPoint\",\"urlTemplate\":\"https:\\\/\\\/fabianbender.de\\\/en\\\/?s={search_term_string}\"},\"query-input\":{\"@type\":\"PropertyValueSpecification\",\"valueRequired\":true,\"valueName\":\"search_term_string\"}}],\"inLanguage\":\"en-US\"}]}<\/script>\n<!-- \/ Yoast SEO plugin. -->","yoast_head_json":{"title":"Imprint - fabianbender.de","description":"Find the legal information and contact details for Fabian Bender on this imprint page. Learn about our responsibilities and how to get in touch.","robots":{"index":"index","follow":"follow","max-snippet":"max-snippet:-1","max-image-preview":"max-image-preview:large","max-video-preview":"max-video-preview:-1"},"canonical":"https:\/\/fabianbender.de\/en\/imprint\/","og_locale":"en_US","og_type":"article","og_title":"Imprint - fabianbender.de","og_description":"Find the legal information and contact details for Fabian Bender on this imprint page. Learn about our responsibilities and how to get in touch.","og_url":"https:\/\/fabianbender.de\/en\/imprint\/","og_site_name":"fabianbender.de","article_modified_time":"2024-07-04T08:08:24+00:00","og_image":[{"width":1920,"height":1281,"url":"https:\/\/fabianbender.de\/wp-content\/uploads\/2024\/05\/Hochzeit-2.jpg","type":"image\/jpeg"}],"twitter_card":"summary_large_image","twitter_misc":{"Est. reading time":"2 minutes"},"schema":{"@context":"https:\/\/schema.org","@graph":[{"@type":"WebPage","@id":"https:\/\/fabianbender.de\/en\/imprint\/","url":"https:\/\/fabianbender.de\/en\/imprint\/","name":"Imprint - fabianbender.de","isPartOf":{"@id":"https:\/\/fabianbender.de\/en\/#website"},"primaryImageOfPage":{"@id":"https:\/\/fabianbender.de\/en\/imprint\/#primaryimage"},"image":{"@id":"https:\/\/fabianbender.de\/en\/imprint\/#primaryimage"},"thumbnailUrl":"https:\/\/fabianbender.de\/wp-content\/uploads\/2024\/05\/Hochzeit-2.jpg","datePublished":"2024-05-21T23:30:31+00:00","dateModified":"2024-07-04T08:08:24+00:00","description":"Find the legal information and contact details for Fabian Bender on this imprint page. Learn about our responsibilities and how to get in touch.","breadcrumb":{"@id":"https:\/\/fabianbender.de\/en\/imprint\/#breadcrumb"},"inLanguage":"en-US","potentialAction":[{"@type":"ReadAction","target":["https:\/\/fabianbender.de\/en\/imprint\/"]}]},{"@type":"ImageObject","inLanguage":"en-US","@id":"https:\/\/fabianbender.de\/en\/imprint\/#primaryimage","url":"https:\/\/fabianbender.de\/wp-content\/uploads\/2024\/05\/Hochzeit-2.jpg","contentUrl":"https:\/\/fabianbender.de\/wp-content\/uploads\/2024\/05\/Hochzeit-2.jpg","width":1920,"height":1281},{"@type":"BreadcrumbList","@id":"https:\/\/fabianbender.de\/en\/imprint\/#breadcrumb","itemListElement":[{"@type":"ListItem","position":1,"name":"Startseite","item":"https:\/\/fabianbender.de\/en\/home\/"},{"@type":"ListItem","position":2,"name":"Imprint"}]},{"@type":"WebSite","@id":"https:\/\/fabianbender.de\/en\/#website","url":"https:\/\/fabianbender.de\/en\/","name":"fabianbender.de","description":"","potentialAction":[{"@type":"SearchAction","target":{"@type":"EntryPoint","urlTemplate":"https:\/\/fabianbender.de\/en\/?s={search_term_string}"},"query-input":{"@type":"PropertyValueSpecification","valueRequired":true,"valueName":"search_term_string"}}],"inLanguage":"en-US"}]}},"_links":{"self":[{"href":"https:\/\/fabianbender.de\/en\/wp-json\/wp\/v2\/pages\/863","targetHints":{"allow":["GET"]}}],"collection":[{"href":"https:\/\/fabianbender.de\/en\/wp-json\/wp\/v2\/pages"}],"about":[{"href":"https:\/\/fabianbender.de\/en\/wp-json\/wp\/v2\/types\/page"}],"author":[{"embeddable":true,"href":"https:\/\/fabianbender.de\/en\/wp-json\/wp\/v2\/users\/1"}],"replies":[{"embeddable":true,"href":"https:\/\/fabianbender.de\/en\/wp-json\/wp\/v2\/comments?post=863"}],"version-history":[{"count":6,"href":"https:\/\/fabianbender.de\/en\/wp-json\/wp\/v2\/pages\/863\/revisions"}],"predecessor-version":[{"id":1028,"href":"https:\/\/fabianbender.de\/en\/wp-json\/wp\/v2\/pages\/863\/revisions\/1028"}],"wp:featuredmedia":[{"embeddable":true,"href":"https:\/\/fabianbender.de\/en\/wp-json\/wp\/v2\/media\/848"}],"wp:attachment":[{"href":"https:\/\/fabianbender.de\/en\/wp-json\/wp\/v2\/media?parent=863"}],"curies":[{"name":"wp","href":"https:\/\/api.w.org\/{rel}","templated":true}]}}